{"id":51,"date":"2021-04-03T11:57:50","date_gmt":"2021-04-03T09:57:50","guid":{"rendered":"http:\/\/stophonorkillings.org\/de\/?page_id=51"},"modified":"2023-02-01T20:10:11","modified_gmt":"2023-02-01T19:10:11","slug":"kampagnenplan","status":"publish","type":"page","link":"http:\/\/stophonorkillings.org\/de\/kampagnenplan\/","title":{"rendered":"Kampagnenplan"},"content":{"rendered":"\n<p><strong>Das Konzept der Kampagne <\/strong><strong>&#8222;Stoppt Ehrenmorde im Iran\u201c<\/strong><strong><\/strong><\/p>\n\n\n\n<p>Wir, eine Gruppe iranischer Frauenrechtlerinnen und Gleichstellungsbef\u00fcrworterinnen im In- und Ausland, haben eine Kampagne gestartet, um den Opfern von &#8222;Ehrenmorden&#8220; im Iran eine Stimme zu geben. Im ganzen Iran werden Frauen und junge M\u00e4dchen oft von m\u00e4nnlichen Familienmitgliedern mit den brutalsten Methoden get\u00f6tet; durch Axt, Sichel, Vergiftung&#8230;&#8230; und ihre Leichen werden auf unbekannten Friedh\u00f6fen und in den Ecken von H\u00e4usern begraben. Die Kampagne zur &#8222;Beendigung des Ehrenmordes&#8220; zielt darauf ab, das Bewusstsein f\u00fcr solche Verbrechen zu sch\u00e4rfen und bittet alle gewissenhaften Menschen gemeinsam mit uns, der T\u00f6tung von Frauen und jungen M\u00e4dchen ein Ende zu setzen.<\/p>\n\n\n\n<p><strong>&#8222;Frauen sind niemandes Eigentum!&#8220; Niemand wird als &#8222;Ehre&#8220; einer anderen Person definiert\u201c!<\/strong><\/p>\n\n\n\n<p><strong><u>&nbsp;Ziele<\/u><\/strong><\/p>\n\n\n\n<p>Das Hauptziel der Kampagne ist es, &#8222;Ehrenmorde&#8220; zu stoppen, indem sie sich in erster Linie auf zwei Hauptfaktoren als die Ursachen konzentriert: Kulturelle und rechtliche. Wir erkennen an, dass es viele Gr\u00fcnde gibt, die zu diesen Trag\u00f6dien beitragen. Gesetze, Kulturen und frauenfeindliche Strukturen, die direkt und indirekt von der Grundschule \u00fcber die Hochschulbildung bis hin zu den staatlichen Medien in der Gesellschaft gef\u00f6rdert werden. Gemeinsam mit dem Institutionalisieren des Patriarchats in der Gesellschaft bilden die Grundlage f\u00fcr \u201eEhrenmorde&#8220;.Dennoch der Kampagne konzentriert sich auf die zwei genannten Faktoren.<\/p>\n\n\n\n<p><strong><u>Praktische Umsetzung<\/u><\/strong><\/p>\n\n\n\n<p>Um &#8222;Ehrenmorden&#8220; ein Ende zu setzen, wird die Kampagne die folgenden Methoden anwenden:<\/p>\n\n\n\n<ul class=\"wp-block-list\">\n<li>St\u00e4rkung der Frauen durch Sensibilisierung und Bewusstsein f\u00fcr ihre Rechte.<\/li>\n\n\n\n<li>Einladen und Ermutigen von M\u00e4nnern, eine Kampagne zu unterst\u00fctzen, die auf der Gleichberechtigung (Gleichheit) basiert.<\/li>\n\n\n\n<li>&nbsp;Informierung und Kulturaufbau durch Seminare, Workshops und Ver\u00f6ffentlichung von Lehrmaterialien, Diskussionssymposien und optimale Nutzung von Medien und sozialen Netzwerken.<\/li>\n\n\n\n<li>Ver\u00f6ffentlichung der Kampagne-Erkl\u00e4rung und das Sammeln von Unterschriften<\/li>\n\n\n\n<li>Gewinnung und Einbindung &nbsp;prominenter und internationaler Menschenrechtsorganisationen, um die Kampagne zu unterst\u00fctzen.<\/li>\n\n\n\n<li>Kommunikation mit Frauenbewegungen in der Region, wie der T\u00fcrkei, Afghanistan und Irakisch-Kurdistan, um bei der Beseitigung von Ehrenmorden, die in diesen L\u00e4ndern existieren, zusammenzuarbeiten.<\/li>\n<\/ul>\n\n\n\n<p><strong><u>Organisation der Kampagne<\/u><\/strong><\/p>\n\n\n\n<p>\u2022 Mitglieder<\/p>\n\n\n\n<p>\u2022 Lenkungsausschuss<\/p>\n\n\n\n<p>\u2022 Arbeitsgruppen<\/p>\n\n\n\n<p><strong><u>Mitglieder<\/u><\/strong><\/p>\n\n\n\n<p>Ein Mitglied ist eine Person, die an Kampagnentreffen teilnimmt und sich f\u00fcr das Erreichen der Ziele der Kampagne einsetzt.<\/p>\n\n\n\n<p><strong><u>Lenkungsausschuss<\/u><\/strong><\/p>\n\n\n\n<p>Der Lenkungsausschuss setzt sich aus Freiwilligen aus den Reihen der Mitglieder zusammen, die f\u00fcr einen begrenzten Zeitraum t\u00e4tig sind (f\u00fcr 6 Monaten). Der Lenkungsausschuss befasst sich mit den Vorschl\u00e4gen der Mitglieder, priorisiert und setzt die Kampagnenaktivit\u00e4ten im Rahmen der Politik um. Die Vorbereitung des Haushaltsplans liegt auch in der Verantwortung des Lenkungsausschusses.<\/p>\n\n\n\n<p>Der Lenkungsausschuss wird den Mitgliedern in kurzen Abst\u00e4nden (nicht l\u00e4nger als einen Monat) \u00fcber den Stand der Ziele der Kampagne berichten und ihre R\u00fcckmeldung innerhalb eines festgelegten Zeitplans einholen.<\/p>\n\n\n\n<p><strong><u>Arbeitsgruppen<\/u><\/strong><\/p>\n\n\n\n<p>Kampagnenmitglieder k\u00f6nnen sich freiwillig, basierend auf ihrem Fachwissen und Interesse, an einer oder mehreren Gruppenarbeiten beteiligen. Mindestens ein Mitglied des Lenkungsausschusses wird an jeder Arbeitsgruppe teilnehmen und fungiert als Multiplikator zwischen dem Lenkungsausschuss, den Mitgliedern und den Vertretern der Arbeitsgruppen. Die Verbindung wird die Sammlung von Vorschl\u00e4gen f\u00fcr und vom Lenkungsausschuss erleichtern.<\/p>\n\n\n\n<p>Es gibt keine zeitliche Begrenzung f\u00fcr die Teilnahme und die Anzahl der Teilnehmer an den Arbeitsgruppen.<\/p>\n\n\n\n<p>Jede Gruppe wird mindestens einmal im Monat vor der Hauptversammlung eine Sitzung abhalten und den Teilnehmern der \u00f6ffentlichen Sitzung \u00fcber ihre Arbeit und Vorschl\u00e4ge berichten.<\/p>\n\n\n\n<p><strong><u>Folgende Arbeitsgruppen sind vorgesehen:<\/u><\/strong><\/p>\n\n\n\n<p>&#8211; Bildung &amp; Forschung<\/p>\n\n\n\n<p>&#8211; Internationale Beziehungen<\/p>\n\n\n\n<p>&#8211; \u00d6ffentlichkeitsarbeit<\/p>\n\n\n\n<p>&#8211; Juristische Bereiche<\/p>\n\n\n\n<p>&#8211; Kunst und Darstellung<\/p>\n\n\n\n<p>&nbsp;&#8211; Finanzen<\/p>\n\n\n\n<p>&#8211; &nbsp;Medien und Ver\u00f6ffentlichungen<\/p>\n\n\n\n<p>Hinweis:<\/p>\n\n\n\n<p>Wenn es eine Meinungsverschiedenheit zwischen zwei oder mehr Mitgliedern der Kampagne gibt, ist es notwendig, zuerst den Lenkungsausschuss zu informieren, um f\u00fcr das Problem eine L\u00f6sung zu finden. Anderenfalls k\u00f6nnen zwei oder mehr vertrauensw\u00fcrdige Personen eingebunden werden.<\/p>\n\n\n\n<p><strong><u>Zeitlicher Umfang<\/u><\/strong><\/p>\n\n\n\n<p>Dies ist eine langfristige Kampagne und wird so lange fortgesetzt, bis das gew\u00fcnschte Ergebnis erreicht ist.<strong><u><\/u><\/strong><\/p>\n\n\n\n<p><strong><u>R\u00e4umlicher Umfang<\/u><\/strong><\/p>\n\n\n\n<p>Der r\u00e4umliche Umfang der Kampagne ist im gesamten Iran, dennoch sind Iraner auf der ganzen Welt willkommen daran teilzunehmen und, um gemeinsam die Ziele der Kampagne zu erreichen.<strong><u><\/u><\/strong><\/p>\n\n\n\n<p><strong><u>Finanzierung<\/u><\/strong><\/p>\n\n\n\n<p>Die Teilnahme und Aktivit\u00e4t an der Kampagne sind v\u00f6llig freiwillig. Die Kampagne wird durch freiwillige Spenden von Einzelpersonen und Spenden von Mitgliedern finanziert.<\/p>\n\n\n\n<p><strong><u>Weitere Informationen<\/u><\/strong><\/p>\n\n\n\n<p>F\u00fcr weitere Informationen, bitte wenden Sie sich an den Lenkungsausschuss unter:<\/p>\n\n\n\n<p><a href=\"mailto:nohonorkilling@googlegroup.com\">nohonorkilling@googlegroup.com<\/a>&nbsp;&nbsp; &nbsp;oder <a href=\"mailto:stophksteering@gmail.com\">&nbsp;&nbsp;stophksteering@gmail.com<\/a><\/p>\n","protected":false},"excerpt":{"rendered":"<p>Das Konzept der Kampagne &#8222;Stoppt Ehrenmorde im Iran\u201c Wir, eine Gruppe iranischer Frauenrechtlerinnen und Gleichstellungsbef\u00fcrworterinnen im In- und Ausland, haben eine Kampagne gestartet, um den Opfern von &#8222;Ehrenmorden&#8220; im Iran eine Stimme zu geben.&#46;&#46;&#46;<\/p>\n","protected":false},"author":2,"featured_media":0,"parent":0,"menu_order":0,"comment_status":"closed","ping_status":"closed","template":"","meta":{"footnotes":""},"class_list":["post-51","page","type-page","status-publish","hentry"],"_links":{"self":[{"href":"http:\/\/stophonorkillings.org\/de\/wp-json\/wp\/v2\/pages\/51","targetHints":{"allow":["GET"]}}],"collection":[{"href":"http:\/\/stophonorkillings.org\/de\/wp-json\/wp\/v2\/pages"}],"about":[{"href":"http:\/\/stophonorkillings.org\/de\/wp-json\/wp\/v2\/types\/page"}],"author":[{"embeddable":true,"href":"http:\/\/stophonorkillings.org\/de\/wp-json\/wp\/v2\/users\/2"}],"replies":[{"embeddable":true,"href":"http:\/\/stophonorkillings.org\/de\/wp-json\/wp\/v2\/comments?post=51"}],"version-history":[{"count":2,"href":"http:\/\/stophonorkillings.org\/de\/wp-json\/wp\/v2\/pages\/51\/revisions"}],"predecessor-version":[{"id":351,"href":"http:\/\/stophonorkillings.org\/de\/wp-json\/wp\/v2\/pages\/51\/revisions\/351"}],"wp:attachment":[{"href":"http:\/\/stophonorkillings.org\/de\/wp-json\/wp\/v2\/media?parent=51"}],"curies":[{"name":"wp","href":"https:\/\/api.w.org\/{rel}","templated":true}]}}