{"id":53,"date":"2021-04-03T11:58:03","date_gmt":"2021-04-03T09:58:03","guid":{"rendered":"http:\/\/stophonorkillings.org\/de\/?page_id=53"},"modified":"2023-02-01T20:16:28","modified_gmt":"2023-02-01T19:16:28","slug":"petition","status":"publish","type":"page","link":"http:\/\/stophonorkillings.org\/de\/petition\/","title":{"rendered":"Petition"},"content":{"rendered":"\n<ul class=\"wp-block-list\" id=\"menu-main-1\">\n<li><a href=\"http:\/\/stophonorkillings.org\/de\/veroeffentlichungen\/\">Ver\u00f6ffentlichungen<\/a><\/li>\n\n\n\n<li><a href=\"http:\/\/stophonorkillings.org\/de\/veranstaltungen\/\">Veranstaltungen<\/a><\/li>\n\n\n\n<li><a href=\"http:\/\/stophonorkillings.org\/de\/vorschlag-der-redaktion\/\">Vorschlag der Redaktion<\/a><\/li>\n\n\n\n<li><a href=\"http:\/\/stophonorkillings.org\/de\/kontakt\/\">Arbeite<\/a><\/li>\n\n\n\n<li><a href=\"http:\/\/stophonorkillings.org\/en\">English<\/a><\/li>\n\n\n\n<li><a href=\"http:\/\/stophonorkillings.org\/fa\">\u0641\u0627\u0631\u0633\u06cc<\/a><\/li>\n<\/ul>\n\n\n\n<h1 class=\"wp-block-heading\">KAMPAGNENERKL\u00c4RUNG<\/h1>\n\n\n\n<p><strong>Petition der Kampagne \u201eStoppt Ehrenmorde im Iran\u201c<\/strong><\/p>\n\n\n\n<p><strong>An:<\/strong>&nbsp;Professor Javaid Rehman, Sonderberichterstatter f\u00fcr Menschenrechte im Iran<\/p>\n\n\n\n<p><strong>Nachrichtlich:<\/strong><\/p>\n\n\n\n<p>Exzellenz, Antonio Guterres, Generalsekret\u00e4r der Vereinten Nationen<\/p>\n\n\n\n<p>Frau Michelle Bachelet Jeria, Hohe Kommissarin der Vereinten Nationen f\u00fcr Menschenrechte<\/p>\n\n\n\n<p>Frau Dubravka&nbsp; Simonovic, UN-Sonderberichterstatterin f\u00fcr Gewalt gegen Frauen<\/p>\n\n\n\n<p>Jedes Jahr wird im Iran eine Reihe von Frauen und jungen M\u00e4dchen auf brutalste Weise von m\u00e4nnlichen Familienmitgliedern unter dem Vorwand, ihre \u201eEhre\u201c zu bewahren, ermordet. Der iranische Justiz und dem Gesetzgeber sind solchen Morden gleichg\u00fcltig.<\/p>\n\n\n\n<p>Eine Gruppe von Frauenrechtlern und Gleichstellungsbef\u00fcrworterinnen haben die Kampagne \u201c Stoppt Ehrenmorde im Iran \u201c organisiert, um solchen Morden ein Ende zu setzen, die kaum bzw. gar keiner Bestrafung ausgesetzt sind. Der Mord an Frauen und jungen M\u00e4dchen &nbsp;erregt wenig Aufmerksamkeit, aber erst im April und Mai 2020 fanden der vorgeplante Mord an Romina Ashrafi (14) durch ihren Vater durch eine Axt und der Mord an Reyhaneh Ameri (22) und Fatemeh Barhi (19) ihren Weg in die sozialen Medien. Sie entlarvten das katastrophale Morden an Frauen und jungen M\u00e4dchen, die als Schutz der \u201eEhre\u201c der Familie &nbsp;oder der Sippenschaft dargestellt wurden.<\/p>\n\n\n\n<p>Die Artikel der \u00a7\u00a7 301,302,309 und 630 des islamischen Strafgesetzbuches, die dieses Recht von Vater und Gro\u00dfvater als Familienoberhaupt anerkennen, sind die Grundlage daf\u00fcr, dass Frauen und M\u00e4dchen Opfer&nbsp; der blinden Vorurteile m\u00e4nnlicher Familienmitglieder werden. Da der Vater laut Gesetz der H\u00fcter der Familie ist und offensichtlich nicht gegen sich selbst klagt. Geschlechtsspezifische Gewalt gegen Frauen geht nat\u00fcrlich mit der Komplizenschaft der Gesetze der Islamischen Republik und der patriarchalischen Sitte einher.<\/p>\n\n\n\n<p>Die Kampagne \u201eStoppt Ehrenmorde\u201c fordert Sie als Sonderberichterstatter f\u00fcr Menschenrechte im Iran auf:<\/p>\n\n\n\n<ul class=\"wp-block-list\">\n<li>alle diskriminierenden Gesetze gegen Frauen durch Gesetze, die auf vollst\u00e4ndiger Gleichstellung unabh\u00e4ngig vom Geschlecht beruhen zu ersetzen,<\/li>\n\n\n\n<li>sichere Schutzh\u00e4user f\u00fcr Frauen im ganzen Land zu schaffen,<\/li>\n\n\n\n<li>Ratifizierung des \u00dcbereinkommens zur Beseitigung jeder Form von Diskriminierung der Frau (CEDAW)<\/li>\n\n\n\n<li>Das \u00dcbereinkommen \u00fcber das Recht des Kindes (UNCRC) in die Tat umzusetzen,<\/li>\n\n\n\n<li>Die Inhalte von Lehrb\u00fcchern auf der Grundlage der Gleichstellung der Geschlechter zu \u00fcberarbeiten und der diskriminierenden Sprache, die in den offiziellen Medien systematisch verwendet wird, ein Ende zu setzen.<\/li>\n<\/ul>\n\n\n\n<p>Kampagne \u201eStoppt&nbsp; Ehrenmorde\u201c im Iran<\/p>\n","protected":false},"excerpt":{"rendered":"<p>KAMPAGNENERKL\u00c4RUNG Petition der Kampagne \u201eStoppt Ehrenmorde im Iran\u201c An:&nbsp;Professor Javaid Rehman, Sonderberichterstatter f\u00fcr Menschenrechte im Iran Nachrichtlich: Exzellenz, Antonio Guterres, Generalsekret\u00e4r der Vereinten Nationen Frau Michelle Bachelet Jeria, Hohe Kommissarin der Vereinten Nationen f\u00fcr&#46;&#46;&#46;<\/p>\n","protected":false},"author":2,"featured_media":0,"parent":0,"menu_order":0,"comment_status":"closed","ping_status":"closed","template":"","meta":{"footnotes":""},"class_list":["post-53","page","type-page","status-publish","hentry"],"_links":{"self":[{"href":"http:\/\/stophonorkillings.org\/de\/wp-json\/wp\/v2\/pages\/53","targetHints":{"allow":["GET"]}}],"collection":[{"href":"http:\/\/stophonorkillings.org\/de\/wp-json\/wp\/v2\/pages"}],"about":[{"href":"http:\/\/stophonorkillings.org\/de\/wp-json\/wp\/v2\/types\/page"}],"author":[{"embeddable":true,"href":"http:\/\/stophonorkillings.org\/de\/wp-json\/wp\/v2\/users\/2"}],"replies":[{"embeddable":true,"href":"http:\/\/stophonorkillings.org\/de\/wp-json\/wp\/v2\/comments?post=53"}],"version-history":[{"count":2,"href":"http:\/\/stophonorkillings.org\/de\/wp-json\/wp\/v2\/pages\/53\/revisions"}],"predecessor-version":[{"id":353,"href":"http:\/\/stophonorkillings.org\/de\/wp-json\/wp\/v2\/pages\/53\/revisions\/353"}],"wp:attachment":[{"href":"http:\/\/stophonorkillings.org\/de\/wp-json\/wp\/v2\/media?parent=53"}],"curies":[{"name":"wp","href":"https:\/\/api.w.org\/{rel}","templated":true}]}}