{"id":307,"date":"2022-12-16T18:23:30","date_gmt":"2022-12-16T17:23:30","guid":{"rendered":"https:\/\/stophonorkillings.org\/de\/?page_id=307"},"modified":"2024-08-20T06:22:44","modified_gmt":"2024-08-20T04:22:44","slug":"well-organisation","status":"publish","type":"page","link":"https:\/\/stophonorkillings.org\/de\/well-organisation\/","title":{"rendered":"Rette diejenigen, die von sogenannten &#8222;Ehrenmorden&#8220; bedroht sind."},"content":{"rendered":"\n<figure class=\"wp-block-image size-large is-resized\"><img loading=\"lazy\" decoding=\"async\" width=\"1024\" height=\"1024\" src=\"https:\/\/stophonorkillings.org\/de\/wp-content\/uploads\/2024\/08\/donation-box-throwing-hearts-in-a-box-for-donations-donate-giving-money-and-love-concept-of-charity-give-and-share-your-love-with-people-humanitarian-volunteer-activity-vector-1-1024x1024.jpg\" alt=\"\" class=\"wp-image-558\" style=\"width:156px;height:auto\" srcset=\"https:\/\/stophonorkillings.org\/de\/wp-content\/uploads\/2024\/08\/donation-box-throwing-hearts-in-a-box-for-donations-donate-giving-money-and-love-concept-of-charity-give-and-share-your-love-with-people-humanitarian-volunteer-activity-vector-1-1024x1024.jpg 1024w, https:\/\/stophonorkillings.org\/de\/wp-content\/uploads\/2024\/08\/donation-box-throwing-hearts-in-a-box-for-donations-donate-giving-money-and-love-concept-of-charity-give-and-share-your-love-with-people-humanitarian-volunteer-activity-vector-1-300x300.jpg 300w, https:\/\/stophonorkillings.org\/de\/wp-content\/uploads\/2024\/08\/donation-box-throwing-hearts-in-a-box-for-donations-donate-giving-money-and-love-concept-of-charity-give-and-share-your-love-with-people-humanitarian-volunteer-activity-vector-1-150x150.jpg 150w, https:\/\/stophonorkillings.org\/de\/wp-content\/uploads\/2024\/08\/donation-box-throwing-hearts-in-a-box-for-donations-donate-giving-money-and-love-concept-of-charity-give-and-share-your-love-with-people-humanitarian-volunteer-activity-vector-1-768x768.jpg 768w, https:\/\/stophonorkillings.org\/de\/wp-content\/uploads\/2024\/08\/donation-box-throwing-hearts-in-a-box-for-donations-donate-giving-money-and-love-concept-of-charity-give-and-share-your-love-with-people-humanitarian-volunteer-activity-vector-1-1536x1536.jpg 1536w, https:\/\/stophonorkillings.org\/de\/wp-content\/uploads\/2024\/08\/donation-box-throwing-hearts-in-a-box-for-donations-donate-giving-money-and-love-concept-of-charity-give-and-share-your-love-with-people-humanitarian-volunteer-activity-vector-1-80x80.jpg 80w, https:\/\/stophonorkillings.org\/de\/wp-content\/uploads\/2024\/08\/donation-box-throwing-hearts-in-a-box-for-donations-donate-giving-money-and-love-concept-of-charity-give-and-share-your-love-with-people-humanitarian-volunteer-activity-vector-1-320x320.jpg 320w, https:\/\/stophonorkillings.org\/de\/wp-content\/uploads\/2024\/08\/donation-box-throwing-hearts-in-a-box-for-donations-donate-giving-money-and-love-concept-of-charity-give-and-share-your-love-with-people-humanitarian-volunteer-activity-vector-1.jpg 1920w\" sizes=\"auto, (max-width: 1024px) 100vw, 1024px\" \/><\/figure>\n\n\n\n<h2 class=\"wp-block-heading\"><a href=\"https:\/\/paypal.me\/stophonorkillings?country.x=US&amp;locale.x=en_US\">https:\/\/paypal.me\/stophonorkillings?country.x=US&amp;locale.x=en_US<\/a><\/h2>\n\n\n\n<p>Um Frauen und M\u00e4dchen zu unterst\u00fctzen, die von \u201eEhrengewalt\u201c, Kinderehen und Diskriminierung bedroht sind, brauchen wir Ihre Hilfe. Mit Ihrer Unterst\u00fctzung k\u00f6nnen wir Aufkl\u00e4rungs- und Beratungsveranstaltungen sowie Hilfsangebote f\u00fcr betroffene Frauen und M\u00e4dchen organisieren.<\/p>\n\n\n\n<p>Ver\u00e4ndern Sie Leben nachhaltig mit Ihrer Unterst\u00fctzung:<\/p>\n\n\n\n<ul class=\"wp-block-list\">\n<li>Gewalt stoppen: Schutz f\u00fcr Frauen und M\u00e4dchen, die bedroht und gef\u00e4hrdet sind.<\/li>\n\n\n\n<li>Kinderehen verhindern: Bewusstsein schaffen und die n\u00f6tige Bildung bereitstellen, um solche Missst\u00e4nde zu bek\u00e4mpfen.<\/li>\n\n\n\n<li>Bildung und Empowerment: Workshops zur St\u00e4rkung von Frauen und M\u00e4dchen sowie zur Unterst\u00fctzung ihrer Rechte.<\/li>\n<\/ul>\n\n\n\n<p>Jeder Schritt, den Sie gehen, kann Leben retten. Sie k\u00f6nnen eine entscheidende Rolle bei der Schaffung positiver Ver\u00e4nderungen spielen.<\/p>\n\n\n\n<p>Helfen Sie jetzt und schlie\u00dfen Sie sich unserer Kampagne an.<\/p>\n\n\n\n<p><a href=\"https:\/\/stophonorkillings.org\/en\/well-organisation\/#\">Donate now and join our campaign<\/a>.<\/p>\n\n\n\n<p><a href=\"https:\/\/paypal.me\/stophonorkillings?country.x=US&amp;locale.x=en_US\">https:\/\/paypal.me\/stophonorkillings?country.x=US&amp;locale.x=en_US<\/a><\/p>\n\n\n\n<p><\/p>\n","protected":false},"excerpt":{"rendered":"<p>https:\/\/paypal.me\/stophonorkillings?country.x=US&amp;locale.x=en_US Um Frauen und M\u00e4dchen zu unterst\u00fctzen, die von \u201eEhrengewalt\u201c, Kinderehen und Diskriminierung bedroht sind, brauchen wir Ihre Hilfe. Mit Ihrer Unterst\u00fctzung k\u00f6nnen wir Aufkl\u00e4rungs- und Beratungsveranstaltungen sowie Hilfsangebote f\u00fcr betroffene Frauen und M\u00e4dchen&#46;&#46;&#46;<\/p>\n","protected":false},"author":2,"featured_media":557,"parent":0,"menu_order":0,"comment_status":"closed","ping_status":"closed","template":"","meta":{"footnotes":""},"class_list":["post-307","page","type-page","status-publish","has-post-thumbnail","hentry"],"_links":{"self":[{"href":"https:\/\/stophonorkillings.org\/de\/wp-json\/wp\/v2\/pages\/307","targetHints":{"allow":["GET"]}}],"collection":[{"href":"https:\/\/stophonorkillings.org\/de\/wp-json\/wp\/v2\/pages"}],"about":[{"href":"https:\/\/stophonorkillings.org\/de\/wp-json\/wp\/v2\/types\/page"}],"author":[{"embeddable":true,"href":"https:\/\/stophonorkillings.org\/de\/wp-json\/wp\/v2\/users\/2"}],"replies":[{"embeddable":true,"href":"https:\/\/stophonorkillings.org\/de\/wp-json\/wp\/v2\/comments?post=307"}],"version-history":[{"count":4,"href":"https:\/\/stophonorkillings.org\/de\/wp-json\/wp\/v2\/pages\/307\/revisions"}],"predecessor-version":[{"id":560,"href":"https:\/\/stophonorkillings.org\/de\/wp-json\/wp\/v2\/pages\/307\/revisions\/560"}],"wp:featuredmedia":[{"embeddable":true,"href":"https:\/\/stophonorkillings.org\/de\/wp-json\/wp\/v2\/media\/557"}],"wp:attachment":[{"href":"https:\/\/stophonorkillings.org\/de\/wp-json\/wp\/v2\/media?parent=307"}],"curies":[{"name":"wp","href":"https:\/\/api.w.org\/{rel}","templated":true}]}}