{"id":47,"date":"2021-04-03T11:57:25","date_gmt":"2021-04-03T09:57:25","guid":{"rendered":"http:\/\/stophonorkillings.org\/de\/?page_id=47"},"modified":"2021-06-28T19:11:07","modified_gmt":"2021-06-28T17:11:07","slug":"ueber-uns","status":"publish","type":"page","link":"https:\/\/stophonorkillings.org\/de\/ueber-uns\/","title":{"rendered":"\u00dcber uns"},"content":{"rendered":"\n<p class=\"has-normal-font-size\">Vor dem Hintergrund der zunehmenden und systematischen Gewalt gegen Frauen und der Ermordung von Frauen und M\u00e4dchen durch M\u00e4nner in der Familie im Iran unter dem Vorwand, die \u201eEhre\u201c der Familie zu bewahren und aufgrund der Unt\u00e4tigkeit des Justizsystems und der Unter\u2013st\u00fctzung der gegenw\u00e4rtigen Gesetze im Iran zu solchen Morden, haben eine Gruppe iranischer Frauenrechtlerinnen und Gleichstellungsbef\u00fcrworterinnen im In- und Ausland, eine Kampagne gestartet, um Ehrenmorde zu stoppen.<br>      Die Kampagne &#8220; Stoppt Ehrenmorde im Iran&#8220; ist eine unabh\u00e4ngige Organisation , deren<br>Aktivit\u00e4ten sich speziell auf zwei Bereiche konzentrieren: \u00c4nderung der Gesetze und Aufbau<br>und Bewusstseinsbildung zu der Thematik.Die Kampagne &#8220; Stoppt Ehrenmorde im Iran&#8220; fordert alle erwachten Gewissen auf, sich mit uns zusammenzutun, um den &#8222;Ehrenmorden&#8220; ein Ende zu setzen.<br>                 <strong> <span class=\"has-inline-color has-luminous-vivid-orange-color\">Wir sagen: Frauen sind niemandes &#8222;Ehre&#8220;. Niemand ist jemandes &#8222;Ehre&#8220;<\/span><\/strong><\/p>\n","protected":false},"excerpt":{"rendered":"<p>Vor dem Hintergrund der zunehmenden und systematischen Gewalt gegen Frauen und der Ermordung von Frauen und M\u00e4dchen durch M\u00e4nner in der Familie im Iran unter dem Vorwand, die \u201eEhre\u201c der Familie zu bewahren und&#46;&#46;&#46;<\/p>\n","protected":false},"author":2,"featured_media":0,"parent":0,"menu_order":0,"comment_status":"closed","ping_status":"closed","template":"","meta":{"footnotes":""},"class_list":["post-47","page","type-page","status-publish","hentry"],"_links":{"self":[{"href":"https:\/\/stophonorkillings.org\/de\/wp-json\/wp\/v2\/pages\/47","targetHints":{"allow":["GET"]}}],"collection":[{"href":"https:\/\/stophonorkillings.org\/de\/wp-json\/wp\/v2\/pages"}],"about":[{"href":"https:\/\/stophonorkillings.org\/de\/wp-json\/wp\/v2\/types\/page"}],"author":[{"embeddable":true,"href":"https:\/\/stophonorkillings.org\/de\/wp-json\/wp\/v2\/users\/2"}],"replies":[{"embeddable":true,"href":"https:\/\/stophonorkillings.org\/de\/wp-json\/wp\/v2\/comments?post=47"}],"version-history":[{"count":4,"href":"https:\/\/stophonorkillings.org\/de\/wp-json\/wp\/v2\/pages\/47\/revisions"}],"predecessor-version":[{"id":151,"href":"https:\/\/stophonorkillings.org\/de\/wp-json\/wp\/v2\/pages\/47\/revisions\/151"}],"wp:attachment":[{"href":"https:\/\/stophonorkillings.org\/de\/wp-json\/wp\/v2\/media?parent=47"}],"curies":[{"name":"wp","href":"https:\/\/api.w.org\/{rel}","templated":true}]}}